{"id":61,"date":"2017-11-07T06:45:02","date_gmt":"2017-11-07T06:45:02","guid":{"rendered":"http:\/\/localhost\/pvv.com.vn\/?page_id=61"},"modified":"2017-11-28T08:25:31","modified_gmt":"2017-11-28T08:25:31","slug":"du-an-phan-trong-tue","status":"publish","type":"page","link":"https:\/\/pvv.com.vn\/index.php\/du-an-phan-trong-tue\/","title":{"rendered":"D\u1ef1 \u00e1n Phan Tr\u1ecdng Tu\u1ec7"},"content":{"rendered":"<p>Ng\u00e0y 01\/08\/2014, UBND th\u00e0nh ph\u1ed1 H\u00e0 N\u1ed9i \u0111\u00e3 c\u1ea5p gi\u1ea5y ch\u1ee9ng nh\u1eadn \u0111\u1ea7u t\u01b0 \u0111i\u1ec1u ch\u1ec9nh s\u1ed1 01121000220 ph\u00ea duy\u1ec7t \u0111\u1ec3 C\u00f4ng ty C\u1ed5 ph\u1ea7n \u0110\u1ea7u t\u01b0 X\u00e2y d\u1ef1ng Vinaconex-PVC<\/p>\n<p>Ng\u00e0y 01\/08\/2014, UBND th\u00e0nh ph\u1ed1 H\u00e0 N\u1ed9i \u0111\u00e3 c\u1ea5p gi\u1ea5y ch\u1ee9ng nh\u1eadn \u0111\u1ea7u t\u01b0 \u0111i\u1ec1u ch\u1ec9nh s\u1ed1 01121000220 ph\u00ea duy\u1ec7t \u0111\u1ec3 C\u00f4ng ty C\u1ed5 ph\u1ea7n \u0110\u1ea7u t\u01b0 X\u00e2y d\u1ef1ng Vinaconex-PVC l\u00e0 m\u1ed9t trong hai nh\u00e0 \u0111\u1ea7u t\u01b0 (c\u00f9ng v\u1edbi C\u00f4ng ty C\u1ed5 ph\u1ea7n \u0110\u1ea7u t\u01b0 \u0110\u1ed3ng Ph\u00e1t) th\u1ef1c hi\u1ec7n d\u1ef1 \u00e1n t\u00f2a nh\u00e0 h\u1ed7n h\u1ee3p d\u1ecbch v\u1ee5, th\u01b0\u01a1ng m\u1ea1i, v\u0103n ph\u00f2ng v\u00e0 nh\u00e0 \u1edf chung c\u01b0 \u2013 \u0110\u1ed3ng Ph\u00e1t Phan Tr\u1ecdng tu\u1ec7 t\u1ea1i c\u00e1c x\u00e3 Tam Hi\u1ec7p, x\u00e3 V\u0129nh Qu\u1ef3nh, huy\u1ec7n Thanh Tr\u00ec, th\u00e0nh ph\u1ed1 H\u00e0 N\u1ed9i.<\/p>\n<p>Theo quy ho\u1ea1ch, d\u1ef1 \u00e1n Khu nh\u00e0 \u1edf th\u01b0\u01a1ng m\u1ea1i \u0110\u1ed3ng Ph\u00e1t Phan Tr\u1ecdng tu\u1ec7 \u0111\u01b0\u1ee3c x\u00e2y d\u1ef1ng tr\u00ean quy m\u00f4 11.668m2, d\u1ef1 ki\u1ebfn kh\u1edfi c\u00f4ng v\u00e0o qu\u00fd I\/2015 v\u1edbi 27 t\u1ea7ng bao g\u1ed3m 4 \u0111\u01a1n nguy\u00ean, t\u1ed5ng s\u1ed1 c\u0103n h\u1ed9 1092, h\u1ee9a h\u1eb9n s\u1ebd l\u00e0 m\u00f4i tr\u01b0\u1eddng s\u1ed1ng l\u00fd t\u01b0\u1edfng cho c\u00e1c gia \u0111\u00ecnh.<\/p>\n<p>N\u1eb1m t\u1ea1i v\u1ecb tr\u00ed trung t\u00e2m c\u1eeda ng\u00f5 ph\u00eda Nam H\u00e0 N\u1ed9i. N\u01a1i h\u1ed9i t\u1ee5 nhi\u1ec1u tr\u1ee5c giao th\u00f4ng huy\u1ebft m\u1ea1ch n\u1ed1i li\u1ec1n Th\u1ee7 \u0111\u00f4 H\u00e0 N\u1ed9i v\u1edbi c\u00e1c t\u1ec9nh th\u00e0nh l\u00e2n c\u1eadn.<br \/>\n&#8211; V\u1edbi ch\u01b0a \u0111\u1ea7y 15 ph\u00fat di chuy\u1ec3n b\u1eb1ng \u00f4 t\u00f4 c\u00e1c b\u1ea1n \u0111\u00e3 c\u00f3 th\u1ec3 t\u1edbi c\u00e1c khu v\u1ef1c trung t\u00e2m c\u1ee7a Th\u1ee7 \u0111\u00f4 H\u00e0 N\u1ed9i.<br \/>\nGiao th\u00f4ng huy\u1ebft m\u1ea1ch:<br \/>\n&#8211; \u0110\u01b0\u1eddng Phan Tr\u1ecdng Tu\u1ec7 (Qu\u1ed1c l\u1ed9 70A) m\u1edf r\u1ed9ng v\u1edbi m\u1eb7t c\u1eaft ngang tr\u00ean 50m.<br \/>\n&#8211; \u0110\u01b0\u1eddng Gi\u1ea3i Ph\u00f3ng n\u1ed1i li\u1ec1n v\u1edbi trung t\u00e2m H\u00e0 N\u1ed9i.<br \/>\n&#8211; Qu\u1ed1c l\u1ed9 1A (\u0111o\u1ea1n Ng\u1ecdc H\u1ed3i) v\u00e0 \u0111\u01b0\u1eddng cao t\u1ed1c Ph\u00e1p V\u00e2n &#8211; Ninh B\u00ecnh \u0111i c\u00e1c t\u1ec9nh ph\u00eda Nam<br \/>\n&#8211; Qu\u1ed1c l\u1ed9 6 (\u0111\u01b0\u1eddng Quang Trung \u2013 H\u00e0 \u0110\u00f4ng) \u0111i c\u00e1c t\u1ec9nh ph\u00eda T\u00e2y B\u1eafc.<\/p>\n<p><img loading=\"lazy\" class=\"alignnone size-full wp-image-73\" src=\"http:\/\/pvv.com.vn\/wp-content\/uploads\/2017\/11\/du-an-2.jpg\" alt=\"\" width=\"1420\" height=\"550\" srcset=\"https:\/\/pvv.com.vn\/wp-content\/uploads\/2017\/11\/du-an-2.jpg 1420w, https:\/\/pvv.com.vn\/wp-content\/uploads\/2017\/11\/du-an-2-150x58.jpg 150w, https:\/\/pvv.com.vn\/wp-content\/uploads\/2017\/11\/du-an-2-550x213.jpg 550w, https:\/\/pvv.com.vn\/wp-content\/uploads\/2017\/11\/du-an-2-768x297.jpg 768w, https:\/\/pvv.com.vn\/wp-content\/uploads\/2017\/11\/du-an-2-360x139.jpg 360w\" sizes=\"(max-width: 1420px) 100vw, 1420px\" \/><\/p>\n<p>Ch\u1ec9 ti\u00eau quy ho\u1ea1ch:<br \/>\n&#8211; Di\u1ec7n t\u00edch khu \u0111\u1ea5t D\u1ef1 \u00e1n: 11.668m2.<br \/>\n&#8211; Di\u1ec7n t\u00edch \u0111\u1ea5t x\u00e2y d\u1ef1ng: 11.000m2.<br \/>\n&#8211; Di\u1ec7n t\u00edch \u0111\u1ea5t x\u00e2y d\u1ef1ng c\u00f4ng tr\u00ecnh: 4.950m2.<br \/>\n&#8211; T\u1ea7ng h\u1ea7m: 01 t\u1ea7ng.<br \/>\n&#8211; T\u1ed5ng di\u1ec7n t\u00edch s\u00e0n x\u00e2y d\u1ef1ng: 110.427,5m2.<br \/>\n&#8211; M\u1eadt \u0111\u1ed9 x\u00e2y d\u1ef1ng: 45%.<br \/>\n&#8211; T\u1ea7ng cao nh\u1ea5t: 27 t\u1ea7ng.<\/p>\n","protected":false},"excerpt":{"rendered":"<p>Ng\u00e0y 01\/08\/2014, UBND th\u00e0nh ph\u1ed1 H\u00e0 N\u1ed9i \u0111\u00e3 c\u1ea5p gi\u1ea5y ch\u1ee9ng nh\u1eadn \u0111\u1ea7u t\u01b0 \u0111i\u1ec1u ch\u1ec9nh s\u1ed1 01121000220 ph\u00ea duy\u1ec7t \u0111\u1ec3 C\u00f4ng ty C\u1ed5 ph\u1ea7n \u0110\u1ea7u t\u01b0 X\u00e2y d\u1ef1ng Vinaconex-PVC Ng\u00e0y 01\/08\/2014, UBND th\u00e0nh ph\u1ed1 H\u00e0 N\u1ed9i \u0111\u00e3 c\u1ea5p gi\u1ea5y <a href=\"https:\/\/pvv.com.vn\/index.php\/du-an-phan-trong-tue\/\" class=\"read-more\">Xem th\u00eam &#8230;<\/a><\/p>\n","protected":false},"author":1,"featured_media":144,"parent":0,"menu_order":3,"comment_status":"closed","ping_status":"closed","template":"","meta":[],"_links":{"self":[{"href":"https:\/\/pvv.com.vn\/index.php\/wp-json\/wp\/v2\/pages\/61"}],"collection":[{"href":"https:\/\/pvv.com.vn\/index.php\/wp-json\/wp\/v2\/pages"}],"about":[{"href":"https:\/\/pvv.com.vn\/index.php\/wp-json\/wp\/v2\/types\/page"}],"author":[{"embeddable":true,"href":"https:\/\/pvv.com.vn\/index.php\/wp-json\/wp\/v2\/users\/1"}],"replies":[{"embeddable":true,"href":"https:\/\/pvv.com.vn\/index.php\/wp-json\/wp\/v2\/comments?post=61"}],"version-history":[{"count":4,"href":"https:\/\/pvv.com.vn\/index.php\/wp-json\/wp\/v2\/pages\/61\/revisions"}],"predecessor-version":[{"id":145,"href":"https:\/\/pvv.com.vn\/index.php\/wp-json\/wp\/v2\/pages\/61\/revisions\/145"}],"wp:featuredmedia":[{"embeddable":true,"href":"https:\/\/pvv.com.vn\/index.php\/wp-json\/wp\/v2\/media\/144"}],"wp:attachment":[{"href":"https:\/\/pvv.com.vn\/index.php\/wp-json\/wp\/v2\/media?parent=61"}],"curies":[{"name":"wp","href":"https:\/\/api.w.org\/{rel}","templated":true}]}}