{"id":235,"date":"2018-03-06T09:38:53","date_gmt":"2018-03-06T09:38:53","guid":{"rendered":"http:\/\/pvv.com.vn\/?page_id=235"},"modified":"2018-03-06T09:38:53","modified_gmt":"2018-03-06T09:38:53","slug":"thong-bao-co-dong","status":"publish","type":"page","link":"https:\/\/pvv.com.vn\/index.php\/thong-bao-co-dong\/","title":{"rendered":"Th\u00f4ng b\u00e1o c\u1ed5 \u0111\u00f4ng"},"content":{"rendered":"<p>Th\u00f4ng b\u00e1o v\u1ec1 ng\u00e0y \u0111\u0103ng k\u00fd cu\u1ed1i c\u00f9ng \u0111\u1ec3 t\u1ed5 ch\u1ee9c \u0110HC\u0110 th\u01b0\u1eddng ni\u00ean 2018:<\/p>\n<p><a href=\"http:\/\/pvv.com.vn\/wp-content\/uploads\/2018\/03\/CBTT-chot-danh-sach-co-dong_signed.pdf\">CBTT chot danh sach co dong_signed<\/a><\/p>\n","protected":false},"excerpt":{"rendered":"<p>Th\u00f4ng b\u00e1o v\u1ec1 ng\u00e0y \u0111\u0103ng k\u00fd cu\u1ed1i c\u00f9ng \u0111\u1ec3 t\u1ed5 ch\u1ee9c \u0110HC\u0110 th\u01b0\u1eddng ni\u00ean 2018: CBTT chot danh sach co dong_signed<\/p>\n","protected":false},"author":1,"featured_media":196,"parent":0,"menu_order":0,"comment_status":"closed","ping_status":"closed","template":"","meta":[],"_links":{"self":[{"href":"https:\/\/pvv.com.vn\/index.php\/wp-json\/wp\/v2\/pages\/235"}],"collection":[{"href":"https:\/\/pvv.com.vn\/index.php\/wp-json\/wp\/v2\/pages"}],"about":[{"href":"https:\/\/pvv.com.vn\/index.php\/wp-json\/wp\/v2\/types\/page"}],"author":[{"embeddable":true,"href":"https:\/\/pvv.com.vn\/index.php\/wp-json\/wp\/v2\/users\/1"}],"replies":[{"embeddable":true,"href":"https:\/\/pvv.com.vn\/index.php\/wp-json\/wp\/v2\/comments?post=235"}],"version-history":[{"count":1,"href":"https:\/\/pvv.com.vn\/index.php\/wp-json\/wp\/v2\/pages\/235\/revisions"}],"predecessor-version":[{"id":237,"href":"https:\/\/pvv.com.vn\/index.php\/wp-json\/wp\/v2\/pages\/235\/revisions\/237"}],"wp:featuredmedia":[{"embeddable":true,"href":"https:\/\/pvv.com.vn\/index.php\/wp-json\/wp\/v2\/media\/196"}],"wp:attachment":[{"href":"https:\/\/pvv.com.vn\/index.php\/wp-json\/wp\/v2\/media?parent=235"}],"curies":[{"name":"wp","href":"https:\/\/api.w.org\/{rel}","templated":true}]}}