{"id":172,"date":"2017-11-29T04:58:38","date_gmt":"2017-11-29T04:58:38","guid":{"rendered":"http:\/\/pvv.com.vn\/?page_id=172"},"modified":"2018-05-11T02:37:59","modified_gmt":"2018-05-11T02:37:59","slug":"bao-cao-tai-chinh","status":"publish","type":"page","link":"https:\/\/pvv.com.vn\/index.php\/bao-cao-tai-chinh\/","title":{"rendered":"B\u00e1o c\u00e1o t\u00e0i ch\u00ednh"},"content":{"rendered":"<p>T\u1ea3i BCTC QI\/2018 h\u1ee3p nh\u1ea5t t\u1ea1i \u0111\u00e2y: <a href=\"http:\/\/pvv.com.vn\/wp-content\/uploads\/2018\/04\/BC-tai-chinh-hop-nhat-Q1-2018.pdf\">BC tai chinh hop nhat Q1-2018<\/a><\/p>\n<p>T\u1ea3i BCTC Q1\/2018 c\u00f4ng ty m\u1eb9 t\u1ea1i \u0111\u00e2y:\u00a0<a href=\"http:\/\/pvv.com.vn\/wp-content\/uploads\/2017\/11\/BCTC-Q1-2018.compressed.pdf\">BCTC Q1-2018.compressed<\/a><\/p>\n<p>T\u1ea3i BCTC 2017 h\u1ee3p nh\u1ea5t \u0111\u00e3 \u0111\u01b0\u1ee3c ki\u1ec3m to\u00e1n t\u1ea1i \u0111\u00e2y:\u00a0<a href=\"http:\/\/pvv.com.vn\/wp-content\/uploads\/2017\/11\/BCTC-hop-nhat.pdf\">BCTC hop nhat<\/a><\/p>\n<p>T\u1ea3i BCTC 2017 c\u00f4ng ty m\u1eb9 \u0111\u00e3 \u0111\u01b0\u1ee3c ki\u1ec3m to\u00e1n t\u1ea1i \u0111\u00e2y:\u00a0<a href=\"http:\/\/pvv.com.vn\/wp-content\/uploads\/2017\/11\/BCTC-cong-ty-me.pdf\">BCTC cong ty me<\/a><\/p>\n<p>T\u1ea3i BCTC Q4\/2017 H\u1ee3p nh\u1ea5t t\u1ea1i \u0111\u00e2y:\u00a0<a href=\"http:\/\/pvv.com.vn\/wp-content\/uploads\/2018\/01\/PVV_17Q4_BCTC_HNT.pdf\">PVV_17Q4_BCTC_HNT<\/a><\/p>\n<p>T\u1ea3i BCTC Q4\/2017 c\u00f4ng ty m\u1eb9 t\u1ea1i \u0111\u00e2y: <a href=\"http:\/\/pvv.com.vn\/wp-content\/uploads\/2018\/01\/PVV_17Q4_BCTC_M.pdf\">PVV_17Q4_BCTC_M<\/a><\/p>\n<p>T\u1ea3i BCTC Q3\/2017 c\u00f4ng ty m\u1eb9 t\u1ea1i \u0111\u00e2y: <a href=\"http:\/\/pvv.com.vn\/wp-content\/uploads\/2017\/11\/PVV_17Q3_BCTC_M.pdf\">PVV_17Q3_BCTC_M<\/a><\/p>\n<p>T\u1ea3i BCTC Q3\/2017 h\u1ee3p nh\u1ea5t t\u1ea1i \u0111\u00e2y: <a href=\"http:\/\/pvv.com.vn\/wp-content\/uploads\/2017\/11\/PVV_17Q3_BCTC_HN.pdf\">PVV_17Q3_BCTC_HN<\/a><\/p>\n<p>T\u1ea3i BCTC Q2\/2017 c\u00f4ng ty m\u1eb9 so\u00e1t x\u00e9t t\u1ea1i \u0111\u00e2y: <a href=\"http:\/\/pvv.com.vn\/wp-content\/uploads\/2017\/11\/PVV_17Q2_BCTC_MSX.pdf\">PVV_17Q2_BCTC_MSX<\/a><\/p>\n<p>T\u1ea3i BCTC Q2\/2017 c\u00f4ng ty m\u1eb9 t\u1ea1i \u0111\u00e2y: <a href=\"http:\/\/pvv.com.vn\/wp-content\/uploads\/2017\/11\/PVV_17Q2_BCTC_M.pdf\">PVV_17Q2_BCTC_M<\/a><\/p>\n<p>T\u1ea3i BCTC Q2\/2017 h\u1ee3p nh\u1ea5t so\u00e1t x\u00e9t t\u1ea1i \u0111\u00e2y: <a href=\"http:\/\/pvv.com.vn\/wp-content\/uploads\/2017\/11\/PVV_17Q2_BCTC_HNSX.zip\">PVV_17Q2_BCTC_HNSX<\/a><\/p>\n<p>T\u1ea3i BCTC Q2\/2017 h\u1ee3p nh\u1ea5t t\u1ea1i \u0111\u00e2y: <a href=\"http:\/\/pvv.com.vn\/wp-content\/uploads\/2017\/11\/PVV_17Q2_BCTC_HN.pdf\">PVV_17Q2_BCTC_HN<\/a><\/p>\n<p>T\u1ea3i BCTC Q1\/2017 c\u00f4ng ty m\u1eb9 t\u1ea1i \u0111\u00e2y: <a href=\"http:\/\/pvv.com.vn\/wp-content\/uploads\/2017\/11\/PVV_17Q1_BCTC_M.pdf\">PVV_17Q1_BCTC_M<\/a><\/p>\n<p>T\u1ea3i BCTC Q1\/2017 h\u1ee3p nh\u1ea5t t\u1ea1i \u0111\u00e2y: <a href=\"http:\/\/pvv.com.vn\/wp-content\/uploads\/2017\/11\/PVV_17Q1_BCTC_HN.pdf\">PVV_17Q1_BCTC_HN<\/a><\/p>\n<p>T\u1ea3i BCTC 2016 c\u00f4ng ty m\u1eb9 ki\u1ec3m to\u00e1n t\u1ea1i \u0111\u00e2y: <a href=\"http:\/\/pvv.com.vn\/wp-content\/uploads\/2017\/11\/PVV_16CN_BCTC_MKT.pdf\">PVV_16CN_BCTC_MKT<\/a><\/p>\n<p>T\u1ea3i BCTC 2016 h\u1ee3p nh\u1ea5t ki\u1ec3m to\u00e1n t\u1ea1i \u0111\u00e2y: <a href=\"http:\/\/pvv.com.vn\/wp-content\/uploads\/2017\/11\/PVV_16CN_BCTC_HNKT.pdf\">PVV_16CN_BCTC_HNKT<\/a><\/p>\n<p>T\u1ea3i BCTC 2015 c\u00f4ng ty m\u1eb9 ki\u1ec3m to\u00e1n t\u1ea1i \u0111\u00e2y: <a href=\"http:\/\/pvv.com.vn\/wp-content\/uploads\/2017\/11\/PVV_15CN_BCTC_MKT.pdf\">PVV_15CN_BCTC_MKT<\/a><\/p>\n<p>T\u1ea3i BCTC 2015 h\u1ee3p nh\u1ea5t ki\u1ec3m to\u00e1n t\u1ea1i \u0111\u00e2y: <a href=\"http:\/\/pvv.com.vn\/wp-content\/uploads\/2017\/11\/PVV_15CN_BCTC_HNKT.pdf\">PVV_15CN_BCTC_HNKT<\/a><\/p>\n<p>T\u1ea3i BCTC 2014 c\u00f4ng ty m\u1eb9 ki\u1ec3m to\u00e1n t\u1ea1i \u0111\u00e2y: <a href=\"http:\/\/pvv.com.vn\/wp-content\/uploads\/2017\/11\/PVV_14CN_BCTC_MKT.pdf\">PVV_14CN_BCTC_MKT<\/a><\/p>\n<p>T\u1ea3i BCTC 2014 h\u1ee3p nh\u1ea5t ki\u1ec3m to\u00e1n t\u1ea1i \u0111\u00e2y: <a href=\"http:\/\/pvv.com.vn\/wp-content\/uploads\/2017\/11\/PVV_13CN_BCTC_MKT.pdf\">PVV_13CN_BCTC_MKT<\/a><\/p>\n<p>T\u1ea3i BCTC 2013 c\u00f4ng ty m\u1eb9 ki\u1ec3m to\u00e1n t\u1ea1i \u0111\u00e2y: <a href=\"http:\/\/pvv.com.vn\/wp-content\/uploads\/2017\/11\/PVV_12CN_BCTC_MKT.pdf\">PVV_12CN_BCTC_MKT<\/a><\/p>\n<p>T\u1ea3i BCTC 2013 h\u1ee3p nh\u1ea5t ki\u1ec3m to\u00e1n t\u1ea1i \u0111\u00e2y: <a href=\"http:\/\/pvv.com.vn\/wp-content\/uploads\/2017\/11\/PVV_13CN_BCTC_HNKT.pdf\">PVV_13CN_BCTC_HNKT<\/a><\/p>\n<p>T\u1ea3i BCTC 2012 h\u1ee3p nh\u1ea5t ki\u1ec3m to\u00e1n t\u1ea1i \u0111\u00e2y: <a href=\"http:\/\/pvv.com.vn\/wp-content\/uploads\/2017\/11\/PVV_12CN_BCTC_HNKT.pdf\">PVV_12CN_BCTC_HNKT<\/a><\/p>\n<p>T\u1ea3i BCTC 2011 c\u00f4ng ty m\u1eb9 ki\u1ec3m to\u00e1n t\u1ea1i \u0111\u00e2y: <a href=\"http:\/\/pvv.com.vn\/wp-content\/uploads\/2017\/11\/PVV_11CN_BCTC_MKT.pdf\">PVV_11CN_BCTC_MKT<\/a><\/p>\n<p>T\u1ea3i BCTC 2011 h\u1ee3p nh\u1ea5t ki\u1ec3m to\u00e1n t\u1ea1i \u0111\u00e2y: <a href=\"http:\/\/pvv.com.vn\/wp-content\/uploads\/2017\/11\/PVV_11CN_BCTC_HNKT.pdf\">PVV_11CN_BCTC_HNKT<\/a><\/p>\n<p>T\u1ea3i BCTC 2010 c\u00f4ng ty m\u1eb9 ki\u1ec3m to\u00e1n t\u1ea1i \u0111\u00e2y: <a href=\"http:\/\/pvv.com.vn\/wp-content\/uploads\/2017\/11\/PVV_10CN_BCTC_MKT.pdf\">PVV_10CN_BCTC_MKT<\/a><\/p>\n<p>T\u1ea3i BCTC 2010 h\u1ee3p nh\u1ea5t ki\u1ec3m to\u00e1n t\u1ea1i \u0111\u00e2y: <a href=\"http:\/\/pvv.com.vn\/wp-content\/uploads\/2017\/11\/PVV_10CN_BCTC_HNKT.pdf\">PVV_10CN_BCTC_HNKT<\/a><\/p>\n","protected":false},"excerpt":{"rendered":"<p>T\u1ea3i BCTC QI\/2018 h\u1ee3p nh\u1ea5t t\u1ea1i \u0111\u00e2y: BC tai chinh hop nhat Q1-2018 T\u1ea3i BCTC Q1\/2018 c\u00f4ng ty m\u1eb9 t\u1ea1i \u0111\u00e2y:\u00a0BCTC Q1-2018.compressed T\u1ea3i BCTC 2017 h\u1ee3p nh\u1ea5t \u0111\u00e3 \u0111\u01b0\u1ee3c ki\u1ec3m to\u00e1n t\u1ea1i \u0111\u00e2y:\u00a0BCTC hop nhat T\u1ea3i BCTC 2017 c\u00f4ng ty <a href=\"https:\/\/pvv.com.vn\/index.php\/bao-cao-tai-chinh\/\" class=\"read-more\">Xem th\u00eam &#8230;<\/a><\/p>\n","protected":false},"author":1,"featured_media":196,"parent":0,"menu_order":0,"comment_status":"closed","ping_status":"closed","template":"","meta":[],"_links":{"self":[{"href":"https:\/\/pvv.com.vn\/index.php\/wp-json\/wp\/v2\/pages\/172"}],"collection":[{"href":"https:\/\/pvv.com.vn\/index.php\/wp-json\/wp\/v2\/pages"}],"about":[{"href":"https:\/\/pvv.com.vn\/index.php\/wp-json\/wp\/v2\/types\/page"}],"author":[{"embeddable":true,"href":"https:\/\/pvv.com.vn\/index.php\/wp-json\/wp\/v2\/users\/1"}],"replies":[{"embeddable":true,"href":"https:\/\/pvv.com.vn\/index.php\/wp-json\/wp\/v2\/comments?post=172"}],"version-history":[{"count":9,"href":"https:\/\/pvv.com.vn\/index.php\/wp-json\/wp\/v2\/pages\/172\/revisions"}],"predecessor-version":[{"id":283,"href":"https:\/\/pvv.com.vn\/index.php\/wp-json\/wp\/v2\/pages\/172\/revisions\/283"}],"wp:featuredmedia":[{"embeddable":true,"href":"https:\/\/pvv.com.vn\/index.php\/wp-json\/wp\/v2\/media\/196"}],"wp:attachment":[{"href":"https:\/\/pvv.com.vn\/index.php\/wp-json\/wp\/v2\/media?parent=172"}],"curies":[{"name":"wp","href":"https:\/\/api.w.org\/{rel}","templated":true}]}}